{"id":7229,"date":"2025-12-05T14:02:14","date_gmt":"2025-12-05T11:02:14","guid":{"rendered":"https:\/\/pagewideservis.com\/?page_id=7229"},"modified":"2025-12-05T14:02:14","modified_gmt":"2025-12-05T11:02:14","slug":"hizmet-sartlari","status":"publish","type":"page","link":"https:\/\/pagewideservis.com\/index.php\/hakkimizda\/hizmet-sartlari\/","title":{"rendered":"Hizmet \u015eartlar\u0131"},"content":{"rendered":"<div class=\"wpb-content-wrapper\"><p>[vc_row css=&#8221;.vc_custom_1451991003825{margin-bottom: 100px !important;}&#8221;][vc_column width=&#8221;3\/4&#8243;]\n\t\t\t\t<p class=\"rs-p-wp-fix\"><\/p>\n\t\t\t\t<sr7-module data-alias=\"about_us_slider\" data-id=\"2\" id=\"SR7_2_1\" class=\"rs-ov-hidden\" data-version=\"6.7.38\">\n\t\t\t\t\t<sr7-adjuster><\/sr7-adjuster>\n\t\t\t\t\t<sr7-content>\n\t\t\t\t\t\t<sr7-carousel>\n\t\t\t\t\t\t<sr7-slide class=\"third_bg_color\" id=\"SR7_2_1-3\" data-key=\"3\">\n\t\t\t\t\t\t\t<sr7-txt id=\"SR7_2_1-3-2\" class=\"sr7-layer\"><div class=\"consulting-rev-title-3\">\nProfesyonel<br\/>\nOnar\u0131m\n<\/div><\/sr7-txt>\n\t\t\t\t\t\t\t<sr7-txt id=\"SR7_2_1-3-3\" class=\"sr7-layer\"><div class=\"consulting-rev-text-2\">\nP PageWide A4 ve A3 yaz\u0131c\u0131lar i\u00e7in ar\u0131zadan onar\u0131ma kadar. <br\/> t\u00fcm teknik servis hizmetlerini sunan bir ekibiz.\n<\/div><\/sr7-txt>\n\t\t\t\t\t\t\t<sr7-txt id=\"SR7_2_1-3-4\" class=\"sr7-layer\"><a href=\"https:\/\/pagewideservis.com\/index.php\/iletisim\/\" class=\"button icon_right bordered theme_style_2\">\u0130leti\u015fim<i class=\"fa fa-chevron-right\"><\/i><\/a><\/sr7-txt>\n\t\t\t\t\t\t<\/sr7-slide>\n\t\t\t\t\t\t<sr7-slide id=\"SR7_2_1-4\" data-key=\"4\">\n\t\t\t\t\t\t\t<sr7-txt id=\"SR7_2_1-4-2\" class=\"sr7-layer\"><div class=\"consulting-rev-title-3\">\nDo\u011fru Te\u015fhis<br\/>\nNet \u00c7\u00f6z\u00fcm\n<\/div><\/sr7-txt>\n\t\t\t\t\t\t\t<sr7-txt id=\"SR7_2_1-4-3\" class=\"sr7-layer\"><div class=\"consulting-rev-text-2\">\nPageWide tamirinde bir\u00e7ok servis sorunu \u00e7\u00f6zemiyor.<br\/>\nBiz ise do\u011fru te\u015fhis ve uygun fiyatla kal\u0131c\u0131 onar\u0131m sunuyoruz.\n<\/div><\/sr7-txt>\n\t\t\t\t\t\t\t<sr7-txt id=\"SR7_2_1-4-4\" class=\"sr7-layer\"><a href=\"https:\/\/pagewideservis.com\/index.php\/blog\/\" class=\"button icon_right bordered theme_style_2\">Daha Fazlas\u0131n\u0131 G\u00f6r\u00fcn<i class=\"fa fa-chevron-right\"><\/i><\/a><\/sr7-txt>\n\t\t\t\t\t\t<\/sr7-slide>\n\t\t\t\t\t\t<sr7-slide id=\"SR7_2_1-8\" data-key=\"8\">\n\t\t\t\t\t\t<\/sr7-slide>\n\t\t\t\t\t\t<\/sr7-carousel>\n\t\t\t\t\t<\/sr7-content>\n\t\t\t\t\t<image_lists style=\"display:none\">\n\t\t\t\t\t\t<img data-src=\"\/\/pagewideservis.com\/wp-content\/uploads\/2025\/12\/p77740.png\" data-libid=\"7189\" data-lib=\"medialibrary\" title=\"p77740\" width=\"0\" height=\"0\" data-dbsrc=\"Ly9wYWdld2lkZXNlcnZpcy5jb20vd3AtY29udGVudC91cGxvYWRzLzIwMjUvMTIvcDc3NzQwLnBuZw==\"\/>\n\t\t\t\t\t\t<img data-src=\"\/\/pagewideservis.com\/wp-content\/uploads\/2025\/12\/Gemini_Generated_Image_5gbn1n5gbn1n5gbn.png\" data-libid=\"7087\" data-lib=\"medialibrary\" title=\"Gemini_Generated_Image_5gbn1n5gbn1n5gbn\" width=\"0\" height=\"0\" data-dbsrc=\"Ly9wYWdld2lkZXNlcnZpcy5jb20vd3AtY29udGVudC91cGxvYWRzLzIwMjUvMTIvR2VtaW5pX0dlbmVyYXRlZF9JbWFnZV81Z2JuMW41Z2JuMW41Z2JuLnBuZw==\"\/>\n\t\t\t\t\t<\/image_lists>\n\t\t\t\t<\/sr7-module>\n\t\t\t\t<script>\n\t\t\t\t\tSR7.PMH ??={}; SR7.PMH[\"SR7_2_1\"] = {cn:100,state:false,fn: function() { if (_tpt!==undefined && _tpt.prepareModuleHeight !== undefined) {  _tpt.prepareModuleHeight({id:\"SR7_2_1\",el:[407,407,768,960,720],type:'carousel',shdw:'0',gh:[407,407,407,384,237],gw:[825,825,825,778,480],vpt:['-100px'],size:{fullWidth:false, fullHeight:false},mh:'0',onh:0,onw:0,bg:{color:'{\"orig\":\"transparent\",\"type\":\"solid\",\"string\":\"transparent\"}'},carousel:{pt:'0',pb:'0'},plType:'0',plColor:'#FFFFFF'});   SR7.PMH[\"SR7_2_1\"].state=true;} else if(SR7.PMH[\"SR7_2_1\"].cn-->0)\tsetTimeout( SR7.PMH[\"SR7_2_1\"].fn,19);}};SR7.PMH[\"SR7_2_1\" ].fn();\n\t\t\t\t<\/script>\n[vc_column_text css=&#8221;.vc_custom_1764932497503{margin-top: 45px !important;}&#8221;]<\/p>\n<h2 data-start=\"366\" data-end=\"658\"><strong>Hizmet \u015eartlar\u0131 (Terms of Service)<\/strong><\/h2>\n<p data-start=\"366\" data-end=\"658\">Bu Hizmet \u015eartlar\u0131, pagewideservis.com taraf\u0131ndan sunulan t\u00fcm hizmetlerin kullan\u0131m\u0131na ili\u015fkin kurallar\u0131, kullan\u0131c\u0131 hak ve y\u00fck\u00fcml\u00fcl\u00fcklerini, site eri\u015fim ko\u015fullar\u0131n\u0131 ve hizmet kapsam\u0131n\u0131 d\u00fczenler. Bu siteyi ziyaret eden veya hizmet alan t\u00fcm kullan\u0131c\u0131lar, bu \u015fartlar\u0131 pe\u015finen kabul etmi\u015f say\u0131l\u0131r.<\/p>\n<p data-start=\"660\" data-end=\"910\">pagewideservis.com, HP PageWide yaz\u0131c\u0131lar i\u00e7in teknik servis, bak\u0131m, onar\u0131m, par\u00e7a de\u011fi\u015fimi, yerinde servis ve dan\u0131\u015fmanl\u0131k hizmetleri sunmaktad\u0131r. Sitede bulunan bilgi, fiyat, g\u00f6rsel ve hizmet a\u00e7\u0131klamalar\u0131 \u00f6nceden haber verilmeksizin g\u00fcncellenebilir.<\/p>\n<p data-start=\"912\" data-end=\"1182\">Siteyi kullan\u0131rken kullan\u0131c\u0131;<br data-start=\"941\" data-end=\"944\" \/>\u2013 Yasaya ayk\u0131r\u0131 i\u015flem yapmayaca\u011f\u0131n\u0131,<br data-start=\"980\" data-end=\"983\" \/>\u2013 Site g\u00fcvenli\u011fini tehlikeye atacak m\u00fcdahalelerde bulunmayaca\u011f\u0131n\u0131,<br data-start=\"1049\" data-end=\"1052\" \/>\u2013 Bilgi ve ileti\u015fim formlar\u0131nda do\u011fru veri sa\u011flayaca\u011f\u0131n\u0131,<br data-start=\"1109\" data-end=\"1112\" \/>\u2013 Talep edilen hizmetlerde k\u00f6t\u00fcye kullan\u0131m yapmayaca\u011f\u0131n\u0131 kabul eder.<\/p>\n<p data-start=\"1184\" data-end=\"1354\">pagewideservis.com, sunulan hizmetleri herhangi bir zamanda dondurma, sonland\u0131rma veya de\u011fi\u015ftirme hakk\u0131na sahiptir. Kullan\u0131c\u0131, bu de\u011fi\u015fiklikleri takip etmekle y\u00fck\u00fcml\u00fcd\u00fcr.<\/p>\n<p data-start=\"1356\" data-end=\"1591\">Sitede yer alan t\u00fcm bilgiler bilgilendirme ama\u00e7l\u0131 olup, teknik detaylar ve tan\u0131mlar firma taraf\u0131ndan her zaman g\u00fcncellenebilir. Sunulan hizmetlerin fiyat ve kapsam\u0131ndaki de\u011fi\u015fiklikler, m\u00fc\u015fteriye bildirildikten sonra ge\u00e7erlilik kazan\u0131r.<\/p>\n<p data-start=\"1593\" data-end=\"1831\">pagewideservis.com, hizmet sunumu s\u0131ras\u0131nda olu\u015fabilecek m\u00fccbir sebeplerden (do\u011fal afet, elektrik kesintileri, a\u011f hatalar\u0131, teknik ar\u0131zalar, yaz\u0131l\u0131m problemleri vb.) dolay\u0131 meydana gelen gecikmelerden veya kesintilerden sorumlu tutulamaz.<\/p>\n<p>[\/vc_column_text][\/vc_column][vc_column width=&#8221;1\/4&#8243;][stm_sidebar sidebar=&#8221;311&#8243;][\/vc_column][\/vc_row][vc_row full_width=&#8221;stretch_row&#8221; el_class=&#8221;third_bg_color&#8221; css=&#8221;.vc_custom_1451889219674{margin-bottom: -60px !important;}&#8221;][vc_column][vc_cta h2=&#8221;Hp pagewide A4 &#8211; A3 modelleri i\u00e7in profesyonel \u00e7\u00f6z\u00fcm hizmetinizde.&#8221; h2_font_container=&#8221;tag:h2|font_size:20px|text_align:left|color:%23000000|line_height:24px&#8221; h2_use_theme_fonts=&#8221;yes&#8221; shape=&#8221;square&#8221; style=&#8221;flat&#8221; add_button=&#8221;right&#8221; btn_title=&#8221;\u0130leti\u015fime Ge\u00e7&#8221; btn_style=&#8221;flat&#8221; btn_color=&#8221;theme_style_2&#8243; btn_align=&#8221;right&#8221; btn_i_align=&#8221;right&#8221; btn_i_icon_fontawesome=&#8221;stm-location&#8221; css=&#8221;.vc_custom_1764925959501{margin-bottom: 0px !important;}&#8221; use_custom_fonts_h2=&#8221;true&#8221; btn_button_block=&#8221;true&#8221; btn_add_icon=&#8221;true&#8221; el_class=&#8221;third_bg_color&#8221; btn_link=&#8221;url:https%3A%2F%2Fpagewideservis.com%2Findex.php%2Filetisim%2F|title:contact%20us&#8221;][\/vc_cta][\/vc_column][\/vc_row]<\/p>\n<\/div>","protected":false},"excerpt":{"rendered":"<p>[vc_row css=&#8221;.vc_custom_1451991003825{margin-bottom: 100px !important;}&#8221;][vc_column width=&#8221;3\/4&#8243;][vc_column_text css=&#8221;.vc_custom_1764932497503{margin-top: 45px !important;}&#8221;] Hizmet \u015eartlar\u0131 (Terms of Service) Bu Hizmet \u015eartlar\u0131, pagewideservis.com taraf\u0131ndan sunulan t\u00fcm hizmetlerin kullan\u0131m\u0131na ili\u015fkin kurallar\u0131, kullan\u0131c\u0131 hak ve y\u00fck\u00fcml\u00fcl\u00fcklerini, site eri\u015fim ko\u015fullar\u0131n\u0131 ve hizmet kapsam\u0131n\u0131 d\u00fczenler. Bu siteyi ziyaret eden veya hizmet alan t\u00fcm kullan\u0131c\u0131lar, bu \u015fartlar\u0131 pe\u015finen kabul etmi\u015f say\u0131l\u0131r. pagewideservis.com, HP PageWide yaz\u0131c\u0131lar i\u00e7in<\/p>\n","protected":false},"author":1,"featured_media":0,"parent":6932,"menu_order":0,"comment_status":"closed","ping_status":"closed","template":"","meta":{"footnotes":""},"class_list":["post-7229","page","type-page","status-publish","hentry"],"_links":{"self":[{"href":"https:\/\/pagewideservis.com\/index.php\/wp-json\/wp\/v2\/pages\/7229","targetHints":{"allow":["GET"]}}],"collection":[{"href":"https:\/\/pagewideservis.com\/index.php\/wp-json\/wp\/v2\/pages"}],"about":[{"href":"https:\/\/pagewideservis.com\/index.php\/wp-json\/wp\/v2\/types\/page"}],"author":[{"embeddable":true,"href":"https:\/\/pagewideservis.com\/index.php\/wp-json\/wp\/v2\/users\/1"}],"replies":[{"embeddable":true,"href":"https:\/\/pagewideservis.com\/index.php\/wp-json\/wp\/v2\/comments?post=7229"}],"version-history":[{"count":1,"href":"https:\/\/pagewideservis.com\/index.php\/wp-json\/wp\/v2\/pages\/7229\/revisions"}],"predecessor-version":[{"id":7230,"href":"https:\/\/pagewideservis.com\/index.php\/wp-json\/wp\/v2\/pages\/7229\/revisions\/7230"}],"up":[{"embeddable":true,"href":"https:\/\/pagewideservis.com\/index.php\/wp-json\/wp\/v2\/pages\/6932"}],"wp:attachment":[{"href":"https:\/\/pagewideservis.com\/index.php\/wp-json\/wp\/v2\/media?parent=7229"}],"curies":[{"name":"wp","href":"https:\/\/api.w.org\/{rel}","templated":true}]}}