{"id":6935,"date":"2016-01-06T09:37:51","date_gmt":"2016-01-06T09:37:51","guid":{"rendered":"http:\/\/consulting.stylemixthemes.com\/demo\/?page_id=324"},"modified":"2025-12-05T10:55:17","modified_gmt":"2025-12-05T07:55:17","slug":"musteri-yorumlari","status":"publish","type":"page","link":"https:\/\/pagewideservis.com\/index.php\/musteri-yorumlari\/","title":{"rendered":"M\u00fc\u015fteri Yorumlar\u0131"},"content":{"rendered":"<div class=\"wpb-content-wrapper\"><p>[vc_row css=&#8221;.vc_custom_1452077539315{margin-bottom: 40px !important;}&#8221;][vc_column][stm_testimonials count=&#8221;4&#8243; per_row=&#8221;2&#8243; style=&#8221;style_2&#8243;][vc_custom_heading text=&#8221;M\u00fc\u015fterilerimizden Gelen Yorumlar&#8221; font_container=&#8221;tag:h3|text_align:left&#8221; use_theme_fonts=&#8221;yes&#8221; css=&#8221;&#8221;][stm_testimonials_carousel count=&#8221;6&#8243; per_row=&#8221;2&#8243;][\/vc_column][\/vc_row][vc_row full_width=&#8221;stretch_row&#8221; el_class=&#8221;third_bg_color&#8221; css=&#8221;.vc_custom_1451889219674{margin-bottom: -60px !important;}&#8221;][vc_column][vc_cta h2=&#8221;Hp pagewide A4 &#8211; A3 mdelleri i\u00e7in profesyonel \u00e7\u00f6z\u00fcm hizmetinizde.&#8221; h2_font_container=&#8221;tag:h2|font_size:20px|text_align:left|color:%23000000|line_height:24px&#8221; h2_use_theme_fonts=&#8221;yes&#8221; shape=&#8221;square&#8221; style=&#8221;flat&#8221; add_button=&#8221;right&#8221; btn_title=&#8221;\u0130leti\u015fime Ge\u00e7&#8221; btn_style=&#8221;flat&#8221; btn_color=&#8221;theme_style_2&#8243; btn_align=&#8221;right&#8221; btn_i_align=&#8221;right&#8221; btn_i_icon_fontawesome=&#8221;stm-location&#8221; css=&#8221;.vc_custom_1764921306885{margin-bottom: 0px !important;}&#8221; use_custom_fonts_h2=&#8221;true&#8221; btn_button_block=&#8221;true&#8221; btn_add_icon=&#8221;true&#8221; el_class=&#8221;third_bg_color&#8221;][\/vc_cta][\/vc_column][\/vc_row]<\/p>\n<\/div>","protected":false},"excerpt":{"rendered":"<p>[vc_row css=&#8221;.vc_custom_1452077539315{margin-bottom: 40px !important;}&#8221;][vc_column][stm_testimonials count=&#8221;4&#8243; per_row=&#8221;2&#8243; style=&#8221;style_2&#8243;][vc_custom_heading text=&#8221;M\u00fc\u015fterilerimizden Gelen Yorumlar&#8221; font_container=&#8221;tag:h3|text_align:left&#8221; use_theme_fonts=&#8221;yes&#8221; css=&#8221;&#8221;][stm_testimonials_carousel count=&#8221;6&#8243; per_row=&#8221;2&#8243;][\/vc_column][\/vc_row][vc_row full_width=&#8221;stretch_row&#8221; el_class=&#8221;third_bg_color&#8221; css=&#8221;.vc_custom_1451889219674{margin-bottom: -60px !important;}&#8221;][vc_column][vc_cta h2=&#8221;Hp pagewide A4 &#8211; A3 mdelleri i\u00e7in profesyonel \u00e7\u00f6z\u00fcm hizmetinizde.&#8221; h2_font_container=&#8221;tag:h2|font_size:20px|text_align:left|color:%23000000|line_height:24px&#8221; h2_use_theme_fonts=&#8221;yes&#8221; shape=&#8221;square&#8221; style=&#8221;flat&#8221; add_button=&#8221;right&#8221; btn_title=&#8221;\u0130leti\u015fime Ge\u00e7&#8221; btn_style=&#8221;flat&#8221; btn_color=&#8221;theme_style_2&#8243; btn_align=&#8221;right&#8221; btn_i_align=&#8221;right&#8221; btn_i_icon_fontawesome=&#8221;stm-location&#8221; css=&#8221;.vc_custom_1764921306885{margin-bottom: 0px !important;}&#8221; use_custom_fonts_h2=&#8221;true&#8221; btn_button_block=&#8221;true&#8221; btn_add_icon=&#8221;true&#8221; el_class=&#8221;third_bg_color&#8221;][\/vc_cta][\/vc_column][\/vc_row]<\/p>\n","protected":false},"author":1,"featured_media":0,"parent":0,"menu_order":0,"comment_status":"closed","ping_status":"closed","template":"","meta":{"footnotes":""},"class_list":["post-6935","page","type-page","status-publish","hentry"],"_links":{"self":[{"href":"https:\/\/pagewideservis.com\/index.php\/wp-json\/wp\/v2\/pages\/6935","targetHints":{"allow":["GET"]}}],"collection":[{"href":"https:\/\/pagewideservis.com\/index.php\/wp-json\/wp\/v2\/pages"}],"about":[{"href":"https:\/\/pagewideservis.com\/index.php\/wp-json\/wp\/v2\/types\/page"}],"author":[{"embeddable":true,"href":"https:\/\/pagewideservis.com\/index.php\/wp-json\/wp\/v2\/users\/1"}],"replies":[{"embeddable":true,"href":"https:\/\/pagewideservis.com\/index.php\/wp-json\/wp\/v2\/comments?post=6935"}],"version-history":[{"count":3,"href":"https:\/\/pagewideservis.com\/index.php\/wp-json\/wp\/v2\/pages\/6935\/revisions"}],"predecessor-version":[{"id":7206,"href":"https:\/\/pagewideservis.com\/index.php\/wp-json\/wp\/v2\/pages\/6935\/revisions\/7206"}],"wp:attachment":[{"href":"https:\/\/pagewideservis.com\/index.php\/wp-json\/wp\/v2\/media?parent=6935"}],"curies":[{"name":"wp","href":"https:\/\/api.w.org\/{rel}","templated":true}]}}