{"id":6932,"date":"2015-12-15T07:37:33","date_gmt":"2015-12-15T07:37:33","guid":{"rendered":"http:\/\/consulting.stylemixthemes.com\/demo\/?page_id=9"},"modified":"2025-12-05T10:55:27","modified_gmt":"2025-12-05T07:55:27","slug":"hakkimizda","status":"publish","type":"page","link":"https:\/\/pagewideservis.com\/index.php\/hakkimizda\/","title":{"rendered":"Bizim Hakk\u0131m\u0131zda"},"content":{"rendered":"<div class=\"wpb-content-wrapper\"><p>[vc_row css=&#8221;.vc_custom_1451991003825{margin-bottom: 100px !important;}&#8221;][vc_column offset=&#8221;vc_col-lg-9 vc_col-md-9&#8243;]\n\t\t\t\t<p class=\"rs-p-wp-fix\"><\/p>\n\t\t\t\t<sr7-module data-alias=\"about_us_slider\" data-id=\"2\" id=\"SR7_2_1\" class=\"rs-ov-hidden\" data-version=\"6.7.38\">\n\t\t\t\t\t<sr7-adjuster><\/sr7-adjuster>\n\t\t\t\t\t<sr7-content>\n\t\t\t\t\t\t<sr7-carousel>\n\t\t\t\t\t\t<sr7-slide class=\"third_bg_color\" id=\"SR7_2_1-3\" data-key=\"3\">\n\t\t\t\t\t\t\t<sr7-txt id=\"SR7_2_1-3-2\" class=\"sr7-layer\"><div class=\"consulting-rev-title-3\">\nProfesyonel<br\/>\nOnar\u0131m\n<\/div><\/sr7-txt>\n\t\t\t\t\t\t\t<sr7-txt id=\"SR7_2_1-3-3\" class=\"sr7-layer\"><div class=\"consulting-rev-text-2\">\nP PageWide A4 ve A3 yaz\u0131c\u0131lar i\u00e7in ar\u0131zadan onar\u0131ma kadar. <br\/> t\u00fcm teknik servis hizmetlerini sunan bir ekibiz.\n<\/div><\/sr7-txt>\n\t\t\t\t\t\t\t<sr7-txt id=\"SR7_2_1-3-4\" class=\"sr7-layer\"><a href=\"https:\/\/pagewideservis.com\/index.php\/iletisim\/\" class=\"button icon_right bordered theme_style_2\">\u0130leti\u015fim<i class=\"fa fa-chevron-right\"><\/i><\/a><\/sr7-txt>\n\t\t\t\t\t\t<\/sr7-slide>\n\t\t\t\t\t\t<sr7-slide id=\"SR7_2_1-4\" data-key=\"4\">\n\t\t\t\t\t\t\t<sr7-txt id=\"SR7_2_1-4-2\" class=\"sr7-layer\"><div class=\"consulting-rev-title-3\">\nDo\u011fru Te\u015fhis<br\/>\nNet \u00c7\u00f6z\u00fcm\n<\/div><\/sr7-txt>\n\t\t\t\t\t\t\t<sr7-txt id=\"SR7_2_1-4-3\" class=\"sr7-layer\"><div class=\"consulting-rev-text-2\">\nPageWide tamirinde bir\u00e7ok servis sorunu \u00e7\u00f6zemiyor.<br\/>\nBiz ise do\u011fru te\u015fhis ve uygun fiyatla kal\u0131c\u0131 onar\u0131m sunuyoruz.\n<\/div><\/sr7-txt>\n\t\t\t\t\t\t\t<sr7-txt id=\"SR7_2_1-4-4\" class=\"sr7-layer\"><a href=\"https:\/\/pagewideservis.com\/index.php\/blog\/\" class=\"button icon_right bordered theme_style_2\">Daha Fazlas\u0131n\u0131 G\u00f6r\u00fcn<i class=\"fa fa-chevron-right\"><\/i><\/a><\/sr7-txt>\n\t\t\t\t\t\t<\/sr7-slide>\n\t\t\t\t\t\t<sr7-slide id=\"SR7_2_1-8\" data-key=\"8\">\n\t\t\t\t\t\t<\/sr7-slide>\n\t\t\t\t\t\t<\/sr7-carousel>\n\t\t\t\t\t<\/sr7-content>\n\t\t\t\t\t<image_lists style=\"display:none\">\n\t\t\t\t\t\t<img data-src=\"\/\/pagewideservis.com\/wp-content\/uploads\/2025\/12\/p77740.png\" data-libid=\"7189\" data-lib=\"medialibrary\" title=\"p77740\" width=\"0\" height=\"0\" data-dbsrc=\"Ly9wYWdld2lkZXNlcnZpcy5jb20vd3AtY29udGVudC91cGxvYWRzLzIwMjUvMTIvcDc3NzQwLnBuZw==\"\/>\n\t\t\t\t\t\t<img data-src=\"\/\/pagewideservis.com\/wp-content\/uploads\/2025\/12\/Gemini_Generated_Image_5gbn1n5gbn1n5gbn.png\" data-libid=\"7087\" data-lib=\"medialibrary\" title=\"Gemini_Generated_Image_5gbn1n5gbn1n5gbn\" width=\"0\" height=\"0\" data-dbsrc=\"Ly9wYWdld2lkZXNlcnZpcy5jb20vd3AtY29udGVudC91cGxvYWRzLzIwMjUvMTIvR2VtaW5pX0dlbmVyYXRlZF9JbWFnZV81Z2JuMW41Z2JuMW41Z2JuLnBuZw==\"\/>\n\t\t\t\t\t<\/image_lists>\n\t\t\t\t<\/sr7-module>\n\t\t\t\t<script>\n\t\t\t\t\tSR7.PMH ??={}; SR7.PMH[\"SR7_2_1\"] = {cn:100,state:false,fn: function() { if (_tpt!==undefined && _tpt.prepareModuleHeight !== undefined) {  _tpt.prepareModuleHeight({id:\"SR7_2_1\",el:[407,407,768,960,720],type:'carousel',shdw:'0',gh:[407,407,407,384,237],gw:[825,825,825,778,480],vpt:['-100px'],size:{fullWidth:false, fullHeight:false},mh:'0',onh:0,onw:0,bg:{color:'{\"orig\":\"transparent\",\"type\":\"solid\",\"string\":\"transparent\"}'},carousel:{pt:'0',pb:'0'},plType:'0',plColor:'#FFFFFF'});   SR7.PMH[\"SR7_2_1\"].state=true;} else if(SR7.PMH[\"SR7_2_1\"].cn-->0)\tsetTimeout( SR7.PMH[\"SR7_2_1\"].fn,19);}};SR7.PMH[\"SR7_2_1\" ].fn();\n\t\t\t\t<\/script>\n[vc_column_text css=&#8221;.vc_custom_1764917443217{margin-top: 40px !important;}&#8221;]<\/p>\n<p data-start=\"285\" data-end=\"301\"><strong data-start=\"285\" data-end=\"299\">Hakk\u0131m\u0131zda<\/strong><\/p>\n<p data-start=\"303\" data-end=\"497\">Biz, HP PageWide A4 ve A3 modelleri ba\u015fta olmak \u00fczere, t\u00fcm HP PageWide yaz\u0131c\u0131 ve \u00e7ok fonksiyonlu cihazlar\u0131n\u0131n teknik bak\u0131m, onar\u0131m ve yedek par\u00e7a hizmeti veren uzman bir servis sa\u011flay\u0131c\u0131s\u0131y\u0131z.<\/p>\n<p data-start=\"499\" data-end=\"515\"><strong data-start=\"499\" data-end=\"513\">Vizyonumuz<\/strong><\/p>\n<ul data-start=\"516\" data-end=\"882\">\n<li data-start=\"516\" data-end=\"703\">\n<p data-start=\"518\" data-end=\"703\">Kullan\u0131c\u0131lar\u0131n i\u015f ak\u0131\u015f\u0131n\u0131 kesintisiz tutmak; yaz\u0131c\u0131 ar\u0131zalar\u0131, bask\u0131 kafas\u0131 sorunlar\u0131 veya performans d\u00fc\u015f\u00fc\u015f\u00fc gibi problemler nedeniyle ya\u015fanan zaman ve i\u015f kay\u0131plar\u0131n\u0131 en aza indirmek.<\/p>\n<\/li>\n<li data-start=\"704\" data-end=\"882\">\n<p data-start=\"706\" data-end=\"882\">Teknik servis s\u00fcre\u00e7lerini h\u0131zl\u0131, g\u00fcvenilir ve \u015feffaf hale getirmek. \u2013 Her m\u00fc\u015fteriye, cihazlar\u0131n\u0131n bak\u0131m ge\u00e7mi\u015fi, yap\u0131lan i\u015flem ve de\u011fi\u015fen par\u00e7alar hakk\u0131nda a\u00e7\u0131k bilgi sunmak.<\/p>\n<\/li>\n<\/ul>\n<p data-start=\"884\" data-end=\"903\"><strong data-start=\"884\" data-end=\"901\">Hizmetlerimiz<\/strong><\/p>\n<ul data-start=\"904\" data-end=\"1307\">\n<li data-start=\"904\" data-end=\"1026\">\n<p data-start=\"906\" data-end=\"1026\">A4 ve A3 formatl\u0131 HP PageWide yaz\u0131c\u0131 ve MFP cihazlar\u0131n\u0131n elektronik ve mekanik ar\u0131zalar\u0131n\u0131n tespiti, bak\u0131m ve onar\u0131m\u0131.<\/p>\n<\/li>\n<li data-start=\"1027\" data-end=\"1129\">\n<p data-start=\"1029\" data-end=\"1129\">Bask\u0131 kafas\u0131 temizli\u011fi, sistem kalibrasyonu, sens\u00f6r ayarlar\u0131 ve yaz\u0131c\u0131 mekanik\/donan\u0131m onar\u0131mlar\u0131.<\/p>\n<\/li>\n<li data-start=\"1130\" data-end=\"1186\">\n<p data-start=\"1132\" data-end=\"1186\">Orijinal veya uyumlu yedek par\u00e7a temini ve de\u011fi\u015fimi.<\/p>\n<\/li>\n<li data-start=\"1187\" data-end=\"1307\">\n<p data-start=\"1189\" data-end=\"1307\">Kullan\u0131c\u0131lara ar\u0131za \u00f6ncesi \u00f6neriler ve bak\u0131m tavsiyeleri \u2014 b\u00f6ylece cihaz \u00f6mr\u00fcn\u00fc ve bask\u0131 kalitesini maksimize etmek.<\/p>\n<\/li>\n<\/ul>\n<p data-start=\"1309\" data-end=\"1325\"><strong data-start=\"1309\" data-end=\"1323\">Neden Biz?<\/strong><\/p>\n<ul data-start=\"1326\" data-end=\"1699\">\n<li data-start=\"1326\" data-end=\"1427\">\n<p data-start=\"1328\" data-end=\"1427\">HP PageWide ailesine \u00f6zel uzmanl\u0131k \u2014 A4 veya A3 olsun, PageWide teknolojisine h\u00e2kim teknik kadro.<\/p>\n<\/li>\n<li data-start=\"1428\" data-end=\"1509\">\n<p data-start=\"1430\" data-end=\"1509\">Kalite &amp; g\u00fcvenilirlik \u2014 hem elektronik hem mekanik ar\u0131zalarda kesin \u00e7\u00f6z\u00fcmler.<\/p>\n<\/li>\n<li data-start=\"1510\" data-end=\"1606\">\n<p data-start=\"1512\" data-end=\"1606\">M\u00fc\u015fteri memnuniyeti odakl\u0131 \u00e7al\u0131\u015fma \u2014 sorunun tespiti, onar\u0131m\u0131 ve teslim s\u00fcrecinde \u015feffafl\u0131k.<\/p>\n<\/li>\n<li data-start=\"1607\" data-end=\"1699\">\n<p data-start=\"1609\" data-end=\"1699\">Esneklik \u2014 bireysel kullan\u0131c\u0131lar, ofisler veya kurumlara \u00f6zel servis ve bak\u0131m \u00e7\u00f6z\u00fcmleri.<\/p>\n<\/li>\n<\/ul>\n<p data-start=\"1701\" data-end=\"1891\">HP PageWide yaz\u0131c\u0131lar\u0131n\u0131z\u0131 en iyi performansla ve uzun \u00f6m\u00fcrl\u00fc kullanman\u0131z i\u00e7in yan\u0131n\u0131zday\u0131z. Teknik servis, onar\u0131m, bak\u0131m ya da yedek par\u00e7a taleplerinizde bizimle ileti\u015fime ge\u00e7ebilirsiniz.<\/p>\n<p>[\/vc_column_text][vc_column_text css=&#8221;.vc_custom_1764917474627{margin-bottom: 34px !important;}&#8221;]<\/p>\n<blockquote><p>Ar\u0131zalar\u0131n\u0131z\u0131 g\u00f6r\u00fcnt\u00fcs\u00fc ile birlikte WhatsApp hatt\u0131 \u00fczerinden iletiniz.<\/p><\/blockquote>\n<p>[\/vc_column_text][vc_row_inner][vc_column_inner width=&#8221;1\/2&#8243;][vc_custom_heading text=&#8221;Misyonumuz&#8221; font_container=&#8221;tag:h4|text_align:left|color:%23222222&#8243; use_theme_fonts=&#8221;yes&#8221; css=&#8221;.vc_custom_1764917521113{margin-bottom: 15px !important;}&#8221; el_class=&#8221;no_stripe&#8221;][vc_column_text css=&#8221;&#8221;]<\/p>\n<p data-start=\"100\" data-end=\"114\"><strong data-start=\"100\" data-end=\"114\">Misyonumuz<\/strong><\/p>\n<p data-start=\"116\" data-end=\"420\">HP PageWide A4 ve A3 yaz\u0131c\u0131 modellerinin bak\u0131m, onar\u0131m ve teknik destek s\u00fcre\u00e7lerinde h\u0131zl\u0131, g\u00fcvenilir ve kal\u0131c\u0131 \u00e7\u00f6z\u00fcmler sunmak i\u00e7in \u00e7al\u0131\u015f\u0131yoruz. Amac\u0131m\u0131z, m\u00fc\u015fterilerimizin i\u015f ak\u0131\u015f\u0131n\u0131n durmadan devam etmesini sa\u011flamak, cihaz verimlili\u011fini art\u0131rmak ve her m\u00fcdahalede en y\u00fcksek teknik kaliteyi sunmakt\u0131r.<\/p>\n<p data-start=\"422\" data-end=\"584\">Uzmanl\u0131\u011f\u0131m\u0131z\u0131, do\u011fru te\u015fhis ve profesyonel onar\u0131m yakla\u015f\u0131m\u0131yla birle\u015ftirerek HP PageWide kullan\u0131c\u0131lar\u0131na sorunsuz bir servis deneyimi sunmay\u0131 misyon ediniyoruz.<\/p>\n<p>[\/vc_column_text][\/vc_column_inner][\/vc_row_inner][\/vc_column][vc_column width=&#8221;1\/4&#8243; offset=&#8221;vc_hidden-sm vc_hidden-xs&#8221;][stm_sidebar sidebar=&#8221;311&#8243;][\/vc_column][\/vc_row][vc_row full_width=&#8221;stretch_row&#8221; el_class=&#8221;third_bg_color&#8221; css=&#8221;.vc_custom_1451889219674{margin-bottom: -60px !important;}&#8221;][vc_column][vc_cta h2=&#8221;Hp pagewide A4 &#8211; A3 mdelleri i\u00e7in profesyonel \u00e7\u00f6z\u00fcm hizmetinizde.&#8221; h2_font_container=&#8221;tag:h2|font_size:20px|text_align:left|color:%23000000|line_height:24px&#8221; h2_use_theme_fonts=&#8221;yes&#8221; shape=&#8221;square&#8221; style=&#8221;flat&#8221; add_button=&#8221;right&#8221; btn_title=&#8221;\u0130leti\u015fime Ge\u00e7&#8221; btn_style=&#8221;flat&#8221; btn_color=&#8221;theme_style_2&#8243; btn_align=&#8221;right&#8221; btn_i_align=&#8221;right&#8221; btn_i_icon_fontawesome=&#8221;stm-location&#8221; css=&#8221;.vc_custom_1764917807598{margin-bottom: 0px !important;}&#8221; use_custom_fonts_h2=&#8221;true&#8221; btn_button_block=&#8221;true&#8221; btn_add_icon=&#8221;true&#8221; el_class=&#8221;third_bg_color&#8221; btn_link=&#8221;url:https%3A%2F%2Fpagewideservis.com%2Findex.php%2Fcontact-us%2F|title:contact%20us&#8221;][\/vc_cta][\/vc_column][\/vc_row]<\/p>\n<\/div>","protected":false},"excerpt":{"rendered":"<p>[vc_row css=&#8221;.vc_custom_1451991003825{margin-bottom: 100px !important;}&#8221;][vc_column offset=&#8221;vc_col-lg-9 vc_col-md-9&#8243;][vc_column_text css=&#8221;.vc_custom_1764917443217{margin-top: 40px !important;}&#8221;] Hakk\u0131m\u0131zda Biz, HP PageWide A4 ve A3 modelleri ba\u015fta olmak \u00fczere, t\u00fcm HP PageWide yaz\u0131c\u0131 ve \u00e7ok fonksiyonlu cihazlar\u0131n\u0131n teknik bak\u0131m, onar\u0131m ve yedek par\u00e7a hizmeti veren uzman bir servis sa\u011flay\u0131c\u0131s\u0131y\u0131z. Vizyonumuz Kullan\u0131c\u0131lar\u0131n i\u015f ak\u0131\u015f\u0131n\u0131 kesintisiz tutmak; yaz\u0131c\u0131 ar\u0131zalar\u0131, bask\u0131 kafas\u0131 sorunlar\u0131 veya performans d\u00fc\u015f\u00fc\u015f\u00fc gibi<\/p>\n","protected":false},"author":1,"featured_media":0,"parent":0,"menu_order":0,"comment_status":"closed","ping_status":"closed","template":"","meta":{"footnotes":""},"class_list":["post-6932","page","type-page","status-publish","hentry"],"_links":{"self":[{"href":"https:\/\/pagewideservis.com\/index.php\/wp-json\/wp\/v2\/pages\/6932","targetHints":{"allow":["GET"]}}],"collection":[{"href":"https:\/\/pagewideservis.com\/index.php\/wp-json\/wp\/v2\/pages"}],"about":[{"href":"https:\/\/pagewideservis.com\/index.php\/wp-json\/wp\/v2\/types\/page"}],"author":[{"embeddable":true,"href":"https:\/\/pagewideservis.com\/index.php\/wp-json\/wp\/v2\/users\/1"}],"replies":[{"embeddable":true,"href":"https:\/\/pagewideservis.com\/index.php\/wp-json\/wp\/v2\/comments?post=6932"}],"version-history":[{"count":5,"href":"https:\/\/pagewideservis.com\/index.php\/wp-json\/wp\/v2\/pages\/6932\/revisions"}],"predecessor-version":[{"id":7207,"href":"https:\/\/pagewideservis.com\/index.php\/wp-json\/wp\/v2\/pages\/6932\/revisions\/7207"}],"wp:attachment":[{"href":"https:\/\/pagewideservis.com\/index.php\/wp-json\/wp\/v2\/media?parent=6932"}],"curies":[{"name":"wp","href":"https:\/\/api.w.org\/{rel}","templated":true}]}}